{"id":1865,"date":"2025-04-17T21:23:25","date_gmt":"2025-04-17T19:23:25","guid":{"rendered":"https:\/\/domainelionnet.com\/?page_id=1865"},"modified":"2025-05-12T15:14:05","modified_gmt":"2025-05-12T13:14:05","slug":"appellation-cornas","status":"publish","type":"page","link":"https:\/\/domainelionnet.com\/?page_id=1865","title":{"rendered":"Appellation Cornas"},"content":{"rendered":"\t\t<div data-elementor-type=\"wp-page\" data-elementor-id=\"1865\" class=\"elementor elementor-1865\">\n\t\t\t\t<div class=\"elementor-element elementor-element-dcfb448 e-flex e-con-boxed e-con e-parent\" data-id=\"dcfb448\" data-element_type=\"container\" data-e-type=\"container\" data-settings=\"{&quot;background_background&quot;:&quot;classic&quot;}\">\n\t\t\t\t\t<div class=\"e-con-inner\">\n\t\t<div class=\"elementor-element elementor-element-d21b7e0 e-flex e-con-boxed e-con e-child\" data-id=\"d21b7e0\" data-element_type=\"container\" data-e-type=\"container\">\n\t\t\t\t\t<div class=\"e-con-inner\">\n\t\t\t\t<div class=\"elementor-element elementor-element-e9fd9dc elementor-widget elementor-widget-heading\" data-id=\"e9fd9dc\" data-element_type=\"widget\" data-e-type=\"widget\" data-widget_type=\"heading.default\">\n\t\t\t\t<div class=\"elementor-widget-container\">\n\t\t\t\t\t<h1 class=\"elementor-heading-title elementor-size-default\">L'appellation Cornas<\/h1>\t\t\t\t<\/div>\n\t\t\t\t<\/div>\n\t\t\t\t\t<\/div>\n\t\t\t\t<\/div>\n\t\t\t\t\t<\/div>\n\t\t\t\t<\/div>\n\t\t<div class=\"elementor-element elementor-element-500861b e-flex e-con-boxed e-con e-parent\" data-id=\"500861b\" data-element_type=\"container\" data-e-type=\"container\" data-settings=\"{&quot;background_background&quot;:&quot;classic&quot;}\">\n\t\t\t\t\t<div class=\"e-con-inner\">\n\t\t<div class=\"elementor-element elementor-element-7dbc6fb e-con-full e-flex e-con e-child\" data-id=\"7dbc6fb\" data-element_type=\"container\" data-e-type=\"container\">\n\t\t\t\t<div class=\"elementor-element elementor-element-56cdb73 elementor-widget elementor-widget-heading\" data-id=\"56cdb73\" data-element_type=\"widget\" data-e-type=\"widget\" data-widget_type=\"heading.default\">\n\t\t\t\t<div class=\"elementor-widget-container\">\n\t\t\t\t\t<h1 class=\"elementor-heading-title elementor-size-default\">L'histoire<\/h1>\t\t\t\t<\/div>\n\t\t\t\t<\/div>\n\t\t\t\t<div class=\"elementor-element elementor-element-1b74aca elementor-widget elementor-widget-text-editor\" data-id=\"1b74aca\" data-element_type=\"widget\" data-e-type=\"widget\" data-widget_type=\"text-editor.default\">\n\t\t\t\t<div class=\"elementor-widget-container\">\n\t\t\t\t\t\t\t\t\t<p>Cornas profite d&rsquo;un climat propice \u00e0 la culture de la vigne et ce depuis plus d&rsquo;un mill\u00e9naire. Ce n&rsquo;est pas pour rien que Cornas signifie \u00ab\u00a0<strong>Terre Br\u00fbl\u00e9e<\/strong>\u00a0\u00bb en langue celtique.<br \/>Cornas a \u00e9t\u00e9 consacr\u00e9 Appellation d&rsquo;Origine Contr\u00f4l\u00e9e locale en 1938. Mais son vin est de notori\u00e9t\u00e9 ininterrompue depuis bien plus longtemps. La l\u00e9gende veut que Charlemagne se soit arr\u00eat\u00e9 ici en 804, qu&rsquo;il ait go\u00fbt\u00e9 le vin et demand\u00e9 qu&rsquo;on lui en apporte r\u00e9guli\u00e8rement \u00e0 Aix-la-Chapelle, sa capitale. On retrouvera aussi le vin de Cornas \u00e0 la table de Saint Louis et bien plus tard \u00e0 celle de Louis XV.<\/p>\t\t\t\t\t\t\t\t<\/div>\n\t\t\t\t<\/div>\n\t\t\t\t<div class=\"elementor-element elementor-element-e9a8c1e elementor-widget elementor-widget-image\" data-id=\"e9a8c1e\" data-element_type=\"widget\" data-e-type=\"widget\" data-widget_type=\"image.default\">\n\t\t\t\t<div class=\"elementor-widget-container\">\n\t\t\t\t\t\t\t\t\t\t\t\t\t\t\t<img fetchpriority=\"high\" decoding=\"async\" width=\"2000\" height=\"800\" src=\"https:\/\/domainelionnet.com\/wp-content\/uploads\/2025\/04\/Cornas_07_vignes.jpg\" class=\"attachment-full size-full wp-image-1822\" alt=\"\" srcset=\"https:\/\/domainelionnet.com\/wp-content\/uploads\/2025\/04\/Cornas_07_vignes.jpg 2000w, https:\/\/domainelionnet.com\/wp-content\/uploads\/2025\/04\/Cornas_07_vignes-300x120.jpg 300w, https:\/\/domainelionnet.com\/wp-content\/uploads\/2025\/04\/Cornas_07_vignes-1024x410.jpg 1024w, https:\/\/domainelionnet.com\/wp-content\/uploads\/2025\/04\/Cornas_07_vignes-768x307.jpg 768w, https:\/\/domainelionnet.com\/wp-content\/uploads\/2025\/04\/Cornas_07_vignes-1536x614.jpg 1536w\" sizes=\"(max-width: 2000px) 100vw, 2000px\" \/>\t\t\t\t\t\t\t\t\t\t\t\t\t\t\t<\/div>\n\t\t\t\t<\/div>\n\t\t\t\t<div class=\"elementor-element elementor-element-4148df6 elementor-widget elementor-widget-heading\" data-id=\"4148df6\" data-element_type=\"widget\" data-e-type=\"widget\" data-widget_type=\"heading.default\">\n\t\t\t\t<div class=\"elementor-widget-container\">\n\t\t\t\t\t<h1 class=\"elementor-heading-title elementor-size-default\">L'appellation<\/h1>\t\t\t\t<\/div>\n\t\t\t\t<\/div>\n\t\t\t\t<div class=\"elementor-element elementor-element-8fddfb0 elementor-widget elementor-widget-text-editor\" data-id=\"8fddfb0\" data-element_type=\"widget\" data-e-type=\"widget\" data-widget_type=\"text-editor.default\">\n\t\t\t\t<div class=\"elementor-widget-container\">\n\t\t\t\t\t\t\t\t\t<p>L&rsquo;aire d&rsquo;appellation d&rsquo;origine contr\u00f4l\u00e9e (AOC) Cornas est limit\u00e9e \u00e0 la seule commune du m\u00eame nom qui se situe en <strong>Ard\u00e8che<\/strong>, sur la rive droite du Rh\u00f4ne. La superficie de production est d&rsquo;environ <strong>160 hectares<\/strong>, et elle est plant\u00e9e uniquement de c\u00e9page <strong>Syrah<\/strong>.<\/p><p>Cornas b\u00e9n\u00e9ficie d&rsquo;un heureux concours de circonstances:<\/p><ul><li>Une exposition sud\/sud-est<\/li><li>Un h\u00e9micycle de collines qui la prot\u00e8ge des vents violents<\/li><li>Des collines abruptes am\u00e9nag\u00e9es en terrasses<\/li><li>Des sols granitiques<\/li><li>Un climat m\u00e9diterran\u00e9en chaud et sec<\/li><\/ul><p>La conjugaison de ces facteurs procure \u00e0 l&rsquo;appellation une maturit\u00e9 pr\u00e9coce. C&rsquo;est la premi\u00e8re \u00e0 \u00eatre vendang\u00e9e dans les C\u00f4tes du Rh\u00f4ne septentrionales. Le rendement est limit\u00e9 \u00e0 <strong>40 hectolitres\/hectare<\/strong>.<\/p>\t\t\t\t\t\t\t\t<\/div>\n\t\t\t\t<\/div>\n\t\t<div class=\"elementor-element elementor-element-51b695b e-flex e-con-boxed e-con e-child\" data-id=\"51b695b\" data-element_type=\"container\" data-e-type=\"container\">\n\t\t\t\t\t<div class=\"e-con-inner\">\n\t\t\t\t\t<\/div>\n\t\t\t\t<\/div>\n\t\t\t\t<\/div>\n\t\t\t\t\t<\/div>\n\t\t\t\t<\/div>\n\t\t\t\t<\/div>\n\t\t","protected":false},"excerpt":{"rendered":"<p>L&rsquo;appellation Cornas L&rsquo;histoire Cornas profite d&rsquo;un climat propice \u00e0 la culture de la vigne et ce depuis plus d&rsquo;un mill\u00e9naire. Ce n&rsquo;est pas pour rien que Cornas signifie \u00ab\u00a0Terre Br\u00fbl\u00e9e\u00a0\u00bb en langue celtique.Cornas a \u00e9t\u00e9 consacr\u00e9 Appellation d&rsquo;Origine Contr\u00f4l\u00e9e locale en 1938. Mais son vin est de notori\u00e9t\u00e9 ininterrompue depuis bien plus longtemps. La l\u00e9gende [&hellip;]<\/p>\n","protected":false},"author":1,"featured_media":0,"parent":0,"menu_order":0,"comment_status":"closed","ping_status":"closed","template":"","meta":{"site-sidebar-layout":"no-sidebar","site-content-layout":"page-builder","ast-site-content-layout":"default","site-content-style":"default","site-sidebar-style":"default","ast-global-header-display":"","ast-banner-title-visibility":"","ast-main-header-display":"","ast-hfb-above-header-display":"","ast-hfb-below-header-display":"","ast-hfb-mobile-header-display":"","site-post-title":"disabled","ast-breadcrumbs-content":"","ast-featured-img":"disabled","footer-sml-layout":"","ast-disable-related-posts":"","theme-transparent-header-meta":"enabled","adv-header-id-meta":"","stick-header-meta":"","header-above-stick-meta":"","header-main-stick-meta":"","header-below-stick-meta":"","astra-migrate-meta-layouts":"default","ast-page-background-enabled":"default","ast-page-background-meta":{"desktop":{"background-color":"var(--ast-global-color-4)","background-image":"","background-repeat":"repeat","background-position":"center center","background-size":"auto","background-attachment":"scroll","background-type":"","background-media":"","overlay-type":"","overlay-color":"","overlay-opacity":"","overlay-gradient":""},"tablet":{"background-color":"","background-image":"","background-repeat":"repeat","background-position":"center center","background-size":"auto","background-attachment":"scroll","background-type":"","background-media":"","overlay-type":"","overlay-color":"","overlay-opacity":"","overlay-gradient":""},"mobile":{"background-color":"","background-image":"","background-repeat":"repeat","background-position":"center center","background-size":"auto","background-attachment":"scroll","background-type":"","background-media":"","overlay-type":"","overlay-color":"","overlay-opacity":"","overlay-gradient":""}},"ast-content-background-meta":{"desktop":{"background-color":"var(--ast-global-color-5)","background-image":"","background-repeat":"repeat","background-position":"center center","background-size":"auto","background-attachment":"scroll","background-type":"","background-media":"","overlay-type":"","overlay-color":"","overlay-opacity":"","overlay-gradient":""},"tablet":{"background-color":"var(--ast-global-color-5)","background-image":"","background-repeat":"repeat","background-position":"center center","background-size":"auto","background-attachment":"scroll","background-type":"","background-media":"","overlay-type":"","overlay-color":"","overlay-opacity":"","overlay-gradient":""},"mobile":{"background-color":"var(--ast-global-color-5)","background-image":"","background-repeat":"repeat","background-position":"center center","background-size":"auto","background-attachment":"scroll","background-type":"","background-media":"","overlay-type":"","overlay-color":"","overlay-opacity":"","overlay-gradient":""}},"footnotes":""},"class_list":["post-1865","page","type-page","status-publish","hentry"],"_links":{"self":[{"href":"https:\/\/domainelionnet.com\/index.php?rest_route=\/wp\/v2\/pages\/1865","targetHints":{"allow":["GET"]}}],"collection":[{"href":"https:\/\/domainelionnet.com\/index.php?rest_route=\/wp\/v2\/pages"}],"about":[{"href":"https:\/\/domainelionnet.com\/index.php?rest_route=\/wp\/v2\/types\/page"}],"author":[{"embeddable":true,"href":"https:\/\/domainelionnet.com\/index.php?rest_route=\/wp\/v2\/users\/1"}],"replies":[{"embeddable":true,"href":"https:\/\/domainelionnet.com\/index.php?rest_route=%2Fwp%2Fv2%2Fcomments&post=1865"}],"version-history":[{"count":28,"href":"https:\/\/domainelionnet.com\/index.php?rest_route=\/wp\/v2\/pages\/1865\/revisions"}],"predecessor-version":[{"id":2312,"href":"https:\/\/domainelionnet.com\/index.php?rest_route=\/wp\/v2\/pages\/1865\/revisions\/2312"}],"wp:attachment":[{"href":"https:\/\/domainelionnet.com\/index.php?rest_route=%2Fwp%2Fv2%2Fmedia&parent=1865"}],"curies":[{"name":"wp","href":"https:\/\/api.w.org\/{rel}","templated":true}]}}