{"id":1718,"date":"2025-04-17T14:54:38","date_gmt":"2025-04-17T12:54:38","guid":{"rendered":"https:\/\/domainelionnet.com\/?page_id=1718"},"modified":"2025-05-12T15:23:04","modified_gmt":"2025-05-12T13:23:04","slug":"nos-vins-blanc","status":"publish","type":"page","link":"https:\/\/domainelionnet.com\/?page_id=1718","title":{"rendered":"Nos vins blancs"},"content":{"rendered":"\t\t<div data-elementor-type=\"wp-page\" data-elementor-id=\"1718\" class=\"elementor elementor-1718\">\n\t\t\t\t<div class=\"elementor-element elementor-element-93263f3 e-flex e-con-boxed e-con e-parent\" data-id=\"93263f3\" data-element_type=\"container\" data-e-type=\"container\" data-settings=\"{&quot;background_background&quot;:&quot;classic&quot;}\">\n\t\t\t\t\t<div class=\"e-con-inner\">\n\t\t<div class=\"elementor-element elementor-element-6c32ff7 e-flex e-con-boxed e-con e-child\" data-id=\"6c32ff7\" data-element_type=\"container\" data-e-type=\"container\">\n\t\t\t\t\t<div class=\"e-con-inner\">\n\t\t\t\t<div class=\"elementor-element elementor-element-888fcee elementor-widget elementor-widget-heading\" data-id=\"888fcee\" data-element_type=\"widget\" data-e-type=\"widget\" data-widget_type=\"heading.default\">\n\t\t\t\t<div class=\"elementor-widget-container\">\n\t\t\t\t\t<h1 class=\"elementor-heading-title elementor-size-default\">Nos vins blanc<\/h1>\t\t\t\t<\/div>\n\t\t\t\t<\/div>\n\t\t\t\t\t<\/div>\n\t\t\t\t<\/div>\n\t\t\t\t\t<\/div>\n\t\t\t\t<\/div>\n\t\t<div class=\"elementor-element elementor-element-6e7afa63 e-flex e-con-boxed e-con e-parent\" data-id=\"6e7afa63\" data-element_type=\"container\" data-e-type=\"container\" data-settings=\"{&quot;background_background&quot;:&quot;classic&quot;}\">\n\t\t\t\t\t<div class=\"e-con-inner\">\n\t\t<div class=\"elementor-element elementor-element-af1e01b e-con-full e-flex e-con e-child\" data-id=\"af1e01b\" data-element_type=\"container\" data-e-type=\"container\">\n\t\t\t\t<div class=\"elementor-element elementor-element-7d7772 elementor-widget elementor-widget-image\" data-id=\"7d7772\" data-element_type=\"widget\" data-e-type=\"widget\" data-widget_type=\"image.default\">\n\t\t\t\t<div class=\"elementor-widget-container\">\n\t\t\t\t\t\t\t\t\t\t\t\t\t\t\t<img decoding=\"async\" src=\"https:\/\/domainelionnet.com\/wp-content\/uploads\/elementor\/thumbs\/ST-JO-Pierre-Blanche-r4ia8akrh7kobth1kabms31cwtiz4kbqnmahqghl7y.jpg\" title=\"ST JO Pierre Blanche\" alt=\"ST JO Pierre Blanche\" loading=\"lazy\" \/>\t\t\t\t\t\t\t\t\t\t\t\t\t\t\t<\/div>\n\t\t\t\t<\/div>\n\t\t\t\t<\/div>\n\t\t<div class=\"elementor-element elementor-element-764c8552 e-con-full e-flex e-con e-child\" data-id=\"764c8552\" data-element_type=\"container\" data-e-type=\"container\">\n\t\t\t\t<div class=\"elementor-element elementor-element-484318f1 elementor-widget elementor-widget-heading\" data-id=\"484318f1\" data-element_type=\"widget\" data-e-type=\"widget\" data-widget_type=\"heading.default\">\n\t\t\t\t<div class=\"elementor-widget-container\">\n\t\t\t\t\t<h4 class=\"elementor-heading-title elementor-size-default\">Saint Joseph \u00ab Pierre Blanche \u00bb<\/h4>\t\t\t\t<\/div>\n\t\t\t\t<\/div>\n\t\t\t\t<div class=\"elementor-element elementor-element-1b9328ce elementor-widget elementor-widget-text-editor\" data-id=\"1b9328ce\" data-element_type=\"widget\" data-e-type=\"widget\" data-widget_type=\"text-editor.default\">\n\t\t\t\t<div class=\"elementor-widget-container\">\n\t\t\t\t\t\t\t\t\t<p class=\"Textbody\"><span style=\"font-size: 11.0pt; color: white; letter-spacing: .75pt;\">Cuv\u00e9e issue d&rsquo;une seule parcelle plant\u00e9e \u00e0 Chateaubourg, lieux dit Giraud<\/span><\/p>\n<p class=\"Textbody\"><span style=\"font-size: 11.0pt; color: white; letter-spacing: .75pt;\">300 m d&rsquo;altitude, 100% roussanne, terroir argilo-calcaire, <\/span><span style=\"font-size: 11.0pt; color: white;\">\u00e9levage en Amphores<\/span><\/p>\n<p class=\"Textbody\"><span style=\"font-size: 11.0pt; color: white;\">Les vignes ont \u00e9t\u00e9 plant\u00e9es en 2014 et 2015<\/span><\/p>\t\t\t\t\t\t\t\t<\/div>\n\t\t\t\t<\/div>\n\t\t\t\t<\/div>\n\t\t\t\t\t<\/div>\n\t\t\t\t<\/div>\n\t\t<div class=\"elementor-element elementor-element-7f9c375 e-flex e-con-boxed e-con e-parent\" data-id=\"7f9c375\" data-element_type=\"container\" data-e-type=\"container\" data-settings=\"{&quot;background_background&quot;:&quot;classic&quot;}\">\n\t\t\t\t\t<div class=\"e-con-inner\">\n\t\t<div class=\"elementor-element elementor-element-1d80e6f e-con-full e-flex e-con e-child\" data-id=\"1d80e6f\" data-element_type=\"container\" data-e-type=\"container\">\n\t\t\t\t<div class=\"elementor-element elementor-element-a43c60b elementor-widget elementor-widget-heading\" data-id=\"a43c60b\" data-element_type=\"widget\" data-e-type=\"widget\" data-widget_type=\"heading.default\">\n\t\t\t\t<div class=\"elementor-widget-container\">\n\t\t\t\t\t<h4 class=\"elementor-heading-title elementor-size-default\">Vin de france \u201c Les chenins de la plaine\"<\/h4>\t\t\t\t<\/div>\n\t\t\t\t<\/div>\n\t\t\t\t<div class=\"elementor-element elementor-element-4e956be elementor-widget elementor-widget-text-editor\" data-id=\"4e956be\" data-element_type=\"widget\" data-e-type=\"widget\" data-widget_type=\"text-editor.default\">\n\t\t\t\t<div class=\"elementor-widget-container\">\n\t\t\t\t\t\t\t\t\t<p class=\"Standard\" style=\"margin-bottom: 10.0pt; line-height: 115%;\"><span style=\"font-size: 11.0pt; line-height: 115%; color: white;\">Cuv\u00e9e 100% Chenin sur un terroir limoneux argileux et galets roul\u00e9s<u><\/u><\/span><\/p>\n<p class=\"Standard\" style=\"margin-bottom: 10.0pt; line-height: 115%;\"><span style=\"font-size: 11.0pt; line-height: 115%; color: white;\">Parcelle plant\u00e9e en 2020, dans la plaine de Cornas entre le village et le Rh\u00f4ne<u><\/u><\/span><\/p>\t\t\t\t\t\t\t\t<\/div>\n\t\t\t\t<\/div>\n\t\t\t\t<\/div>\n\t\t<div class=\"elementor-element elementor-element-87463cc e-con-full e-flex e-con e-child\" data-id=\"87463cc\" data-element_type=\"container\" data-e-type=\"container\">\n\t\t\t\t<div class=\"elementor-element elementor-element-154058e elementor-widget elementor-widget-image\" data-id=\"154058e\" data-element_type=\"widget\" data-e-type=\"widget\" data-widget_type=\"image.default\">\n\t\t\t\t<div class=\"elementor-widget-container\">\n\t\t\t\t\t\t\t\t\t\t\t\t\t\t\t<img decoding=\"async\" src=\"https:\/\/domainelionnet.com\/wp-content\/uploads\/elementor\/thumbs\/VDF-Chenin-r4hum738ju3tihy7tbf7pxe4hs144ku9dhxi9lwy48.jpg\" title=\"VDF Chenin\" alt=\"VDF Chenin\" loading=\"lazy\" \/>\t\t\t\t\t\t\t\t\t\t\t\t\t\t\t<\/div>\n\t\t\t\t<\/div>\n\t\t\t\t<\/div>\n\t\t\t\t\t<\/div>\n\t\t\t\t<\/div>\n\t\t\t\t<\/div>\n\t\t","protected":false},"excerpt":{"rendered":"<p>Nos vins blanc Saint Joseph \u00ab Pierre Blanche \u00bb Cuv\u00e9e issue d&rsquo;une seule parcelle plant\u00e9e \u00e0 Chateaubourg, lieux dit Giraud 300 m d&rsquo;altitude, 100% roussanne, terroir argilo-calcaire, \u00e9levage en Amphores Les vignes ont \u00e9t\u00e9 plant\u00e9es en 2014 et 2015 Vin de france \u201c Les chenins de la plaine\u00a0\u00bb Cuv\u00e9e 100% Chenin sur un terroir limoneux [&hellip;]<\/p>\n","protected":false},"author":1,"featured_media":0,"parent":0,"menu_order":0,"comment_status":"closed","ping_status":"closed","template":"","meta":{"site-sidebar-layout":"no-sidebar","site-content-layout":"page-builder","ast-site-content-layout":"full-width-container","site-content-style":"unboxed","site-sidebar-style":"unboxed","ast-global-header-display":"","ast-banner-title-visibility":"","ast-main-header-display":"","ast-hfb-above-header-display":"","ast-hfb-below-header-display":"","ast-hfb-mobile-header-display":"","site-post-title":"disabled","ast-breadcrumbs-content":"","ast-featured-img":"disabled","footer-sml-layout":"","ast-disable-related-posts":"","theme-transparent-header-meta":"enabled","adv-header-id-meta":"","stick-header-meta":"","header-above-stick-meta":"","header-main-stick-meta":"","header-below-stick-meta":"","astra-migrate-meta-layouts":"set","ast-page-background-enabled":"default","ast-page-background-meta":{"desktop":{"background-color":"var(--ast-global-color-4)","background-image":"","background-repeat":"repeat","background-position":"center center","background-size":"auto","background-attachment":"scroll","background-type":"","background-media":"","overlay-type":"","overlay-color":"","overlay-opacity":"","overlay-gradient":""},"tablet":{"background-color":"","background-image":"","background-repeat":"repeat","background-position":"center center","background-size":"auto","background-attachment":"scroll","background-type":"","background-media":"","overlay-type":"","overlay-color":"","overlay-opacity":"","overlay-gradient":""},"mobile":{"background-color":"","background-image":"","background-repeat":"repeat","background-position":"center center","background-size":"auto","background-attachment":"scroll","background-type":"","background-media":"","overlay-type":"","overlay-color":"","overlay-opacity":"","overlay-gradient":""}},"ast-content-background-meta":{"desktop":{"background-color":"var(--ast-global-color-5)","background-image":"","background-repeat":"repeat","background-position":"center center","background-size":"auto","background-attachment":"scroll","background-type":"","background-media":"","overlay-type":"","overlay-color":"","overlay-opacity":"","overlay-gradient":""},"tablet":{"background-color":"var(--ast-global-color-5)","background-image":"","background-repeat":"repeat","background-position":"center center","background-size":"auto","background-attachment":"scroll","background-type":"","background-media":"","overlay-type":"","overlay-color":"","overlay-opacity":"","overlay-gradient":""},"mobile":{"background-color":"var(--ast-global-color-5)","background-image":"","background-repeat":"repeat","background-position":"center center","background-size":"auto","background-attachment":"scroll","background-type":"","background-media":"","overlay-type":"","overlay-color":"","overlay-opacity":"","overlay-gradient":""}},"footnotes":""},"class_list":["post-1718","page","type-page","status-publish","hentry"],"_links":{"self":[{"href":"https:\/\/domainelionnet.com\/index.php?rest_route=\/wp\/v2\/pages\/1718","targetHints":{"allow":["GET"]}}],"collection":[{"href":"https:\/\/domainelionnet.com\/index.php?rest_route=\/wp\/v2\/pages"}],"about":[{"href":"https:\/\/domainelionnet.com\/index.php?rest_route=\/wp\/v2\/types\/page"}],"author":[{"embeddable":true,"href":"https:\/\/domainelionnet.com\/index.php?rest_route=\/wp\/v2\/users\/1"}],"replies":[{"embeddable":true,"href":"https:\/\/domainelionnet.com\/index.php?rest_route=%2Fwp%2Fv2%2Fcomments&post=1718"}],"version-history":[{"count":26,"href":"https:\/\/domainelionnet.com\/index.php?rest_route=\/wp\/v2\/pages\/1718\/revisions"}],"predecessor-version":[{"id":2326,"href":"https:\/\/domainelionnet.com\/index.php?rest_route=\/wp\/v2\/pages\/1718\/revisions\/2326"}],"wp:attachment":[{"href":"https:\/\/domainelionnet.com\/index.php?rest_route=%2Fwp%2Fv2%2Fmedia&parent=1718"}],"curies":[{"name":"wp","href":"https:\/\/api.w.org\/{rel}","templated":true}]}}