{"id":1676,"date":"2025-04-17T14:33:29","date_gmt":"2025-04-17T12:33:29","guid":{"rendered":"https:\/\/domainelionnet.com\/?page_id=1676"},"modified":"2025-05-12T15:23:00","modified_gmt":"2025-05-12T13:23:00","slug":"nos-vins","status":"publish","type":"page","link":"https:\/\/domainelionnet.com\/?page_id=1676","title":{"rendered":"Nos vins rouges"},"content":{"rendered":"\t\t<div data-elementor-type=\"wp-page\" data-elementor-id=\"1676\" class=\"elementor elementor-1676\">\n\t\t\t\t<div class=\"elementor-element elementor-element-93263f3 e-flex e-con-boxed e-con e-parent\" data-id=\"93263f3\" data-element_type=\"container\" data-e-type=\"container\" data-settings=\"{&quot;background_background&quot;:&quot;classic&quot;}\">\n\t\t\t\t\t<div class=\"e-con-inner\">\n\t\t<div class=\"elementor-element elementor-element-6c32ff7 e-flex e-con-boxed e-con e-child\" data-id=\"6c32ff7\" data-element_type=\"container\" data-e-type=\"container\">\n\t\t\t\t\t<div class=\"e-con-inner\">\n\t\t\t\t<div class=\"elementor-element elementor-element-888fcee elementor-widget elementor-widget-heading\" data-id=\"888fcee\" data-element_type=\"widget\" data-e-type=\"widget\" data-widget_type=\"heading.default\">\n\t\t\t\t<div class=\"elementor-widget-container\">\n\t\t\t\t\t<h1 class=\"elementor-heading-title elementor-size-default\">Nos vins rouges<\/h1>\t\t\t\t<\/div>\n\t\t\t\t<\/div>\n\t\t\t\t\t<\/div>\n\t\t\t\t<\/div>\n\t\t\t\t\t<\/div>\n\t\t\t\t<\/div>\n\t\t<div class=\"elementor-element elementor-element-4cb475b e-flex e-con-boxed e-con e-parent\" data-id=\"4cb475b\" data-element_type=\"container\" data-e-type=\"container\" data-settings=\"{&quot;background_background&quot;:&quot;classic&quot;}\">\n\t\t\t\t\t<div class=\"e-con-inner\">\n\t\t<div class=\"elementor-element elementor-element-9741bfd e-con-full e-flex e-con e-child\" data-id=\"9741bfd\" data-element_type=\"container\" data-e-type=\"container\">\n\t\t\t\t<div class=\"elementor-element elementor-element-d90ef00 elementor-widget elementor-widget-image\" data-id=\"d90ef00\" data-element_type=\"widget\" data-e-type=\"widget\" data-widget_type=\"image.default\">\n\t\t\t\t<div class=\"elementor-widget-container\">\n\t\t\t\t\t\t\t\t\t\t\t\t\t\t\t<img decoding=\"async\" src=\"https:\/\/domainelionnet.com\/wp-content\/uploads\/elementor\/thumbs\/Cornas-Terre-Brulee-r4ia8akrh7kobth1kabms31cwtiz4kbqnmahqghl7y.jpg\" title=\"Cornas Terre Brulee\" alt=\"Cornas Terre Brulee\" loading=\"lazy\" \/>\t\t\t\t\t\t\t\t\t\t\t\t\t\t\t<\/div>\n\t\t\t\t<\/div>\n\t\t\t\t<\/div>\n\t\t<div class=\"elementor-element elementor-element-458f621 e-con-full e-flex e-con e-child\" data-id=\"458f621\" data-element_type=\"container\" data-e-type=\"container\">\n\t\t\t\t<div class=\"elementor-element elementor-element-57ee7d9 elementor-widget elementor-widget-heading\" data-id=\"57ee7d9\" data-element_type=\"widget\" data-e-type=\"widget\" data-widget_type=\"heading.default\">\n\t\t\t\t<div class=\"elementor-widget-container\">\n\t\t\t\t\t<h4 class=\"elementor-heading-title elementor-size-default\">Cornas \u00ab Terre Br\u00fbl\u00e9e \u00bb<\/h4>\t\t\t\t<\/div>\n\t\t\t\t<\/div>\n\t\t\t\t<div class=\"elementor-element elementor-element-9dbc1b1 elementor-widget elementor-widget-text-editor\" data-id=\"9dbc1b1\" data-element_type=\"widget\" data-e-type=\"widget\" data-widget_type=\"text-editor.default\">\n\t\t\t\t<div class=\"elementor-widget-container\">\n\t\t\t\t\t\t\t\t\t<p class=\"Textbody\"><span style=\"font-size: 11.0pt; color: white;\">Cuv\u00e9e historique du domaine produite par assemblage des terrois de Pied la vigne, Mazard, Combe et chaillot<u><\/u><\/span><\/p>\n<p class=\"Textbody\"><span style=\"font-size: 11.0pt; color: white;\">100% syrah, terroir granitique et \u00e9boulis calcaire, vendange enti\u00e8re<u><\/u><\/span><\/p>\n<p class=\"Textbody\"><span style=\"font-size: 11.0pt; color: white;\">Les vignes ont entre 55 et 95 ans<u><\/u><\/span><\/p>\t\t\t\t\t\t\t\t<\/div>\n\t\t\t\t<\/div>\n\t\t\t\t<\/div>\n\t\t\t\t\t<\/div>\n\t\t\t\t<\/div>\n\t\t<div class=\"elementor-element elementor-element-3216c33 e-flex e-con-boxed e-con e-parent\" data-id=\"3216c33\" data-element_type=\"container\" data-e-type=\"container\" data-settings=\"{&quot;background_background&quot;:&quot;classic&quot;}\">\n\t\t\t\t\t<div class=\"e-con-inner\">\n\t\t<div class=\"elementor-element elementor-element-7020fd0 e-con-full e-flex e-con e-child\" data-id=\"7020fd0\" data-element_type=\"container\" data-e-type=\"container\">\n\t\t\t\t<div class=\"elementor-element elementor-element-4724c19 elementor-widget elementor-widget-heading\" data-id=\"4724c19\" data-element_type=\"widget\" data-e-type=\"widget\" data-widget_type=\"heading.default\">\n\t\t\t\t<div class=\"elementor-widget-container\">\n\t\t\t\t\t<h4 class=\"elementor-heading-title elementor-size-default\">Cornas \u00ab Pur Granit \u00bb<\/h4>\t\t\t\t<\/div>\n\t\t\t\t<\/div>\n\t\t\t\t<div class=\"elementor-element elementor-element-c29815e elementor-widget elementor-widget-text-editor\" data-id=\"c29815e\" data-element_type=\"widget\" data-e-type=\"widget\" data-widget_type=\"text-editor.default\">\n\t\t\t\t<div class=\"elementor-widget-container\">\n\t\t\t\t\t\t\t\t\t<p>Cuv\u00e9e parcellaire produite avec le parcelle \u00ab\u00a0Chata\u00eegnier\u00a0\u00bb sur le\u00a0 terroir de Saint Pierre<\/p><p>300m d&rsquo;altitude, 100% syrah, terroir granitique, vendange enti\u00e8re<\/p><p>Les vignes ont \u00e9t\u00e9 plant\u00e9es entre 2008 et 2012 en selection massale<\/p>\t\t\t\t\t\t\t\t<\/div>\n\t\t\t\t<\/div>\n\t\t\t\t<\/div>\n\t\t<div class=\"elementor-element elementor-element-0f8a141 e-con-full e-flex e-con e-child\" data-id=\"0f8a141\" data-element_type=\"container\" data-e-type=\"container\">\n\t\t\t\t<div class=\"elementor-element elementor-element-f9eda38 elementor-widget elementor-widget-image\" data-id=\"f9eda38\" data-element_type=\"widget\" data-e-type=\"widget\" data-widget_type=\"image.default\">\n\t\t\t\t<div class=\"elementor-widget-container\">\n\t\t\t\t\t\t\t\t\t\t\t\t\t\t\t<img decoding=\"async\" src=\"https:\/\/domainelionnet.com\/wp-content\/uploads\/elementor\/thumbs\/Cornas-Pur-Granit-r4ia8akrh7kobth1kabms31cwtiz4kbqnmahqghl7y.jpg\" title=\"Cornas Pur Granit\" alt=\"Cornas Pur Granit\" loading=\"lazy\" \/>\t\t\t\t\t\t\t\t\t\t\t\t\t\t\t<\/div>\n\t\t\t\t<\/div>\n\t\t\t\t<\/div>\n\t\t\t\t\t<\/div>\n\t\t\t\t<\/div>\n\t\t<div class=\"elementor-element elementor-element-3a16aba e-flex e-con-boxed e-con e-parent\" data-id=\"3a16aba\" data-element_type=\"container\" data-e-type=\"container\" data-settings=\"{&quot;background_background&quot;:&quot;classic&quot;}\">\n\t\t\t\t\t<div class=\"e-con-inner\">\n\t\t<div class=\"elementor-element elementor-element-924cb11 e-con-full e-flex e-con e-child\" data-id=\"924cb11\" data-element_type=\"container\" data-e-type=\"container\">\n\t\t\t\t<div class=\"elementor-element elementor-element-105e497 elementor-widget elementor-widget-image\" data-id=\"105e497\" data-element_type=\"widget\" data-e-type=\"widget\" data-widget_type=\"image.default\">\n\t\t\t\t<div class=\"elementor-widget-container\">\n\t\t\t\t\t\t\t\t\t\t\t\t\t\t\t<img decoding=\"async\" src=\"https:\/\/domainelionnet.com\/wp-content\/uploads\/elementor\/thumbs\/Cornas-Chaillot-r4hunz09gkjbfzddg31ufh9gvza2nzw0aaaiwfa6cu.jpg\" title=\"Cornas Chaillot\" alt=\"Cornas Chaillot\" loading=\"lazy\" \/>\t\t\t\t\t\t\t\t\t\t\t\t\t\t\t<\/div>\n\t\t\t\t<\/div>\n\t\t\t\t<\/div>\n\t\t<div class=\"elementor-element elementor-element-dda6aab e-con-full e-flex e-con e-child\" data-id=\"dda6aab\" data-element_type=\"container\" data-e-type=\"container\">\n\t\t\t\t<div class=\"elementor-element elementor-element-61ee855 elementor-widget elementor-widget-heading\" data-id=\"61ee855\" data-element_type=\"widget\" data-e-type=\"widget\" data-widget_type=\"heading.default\">\n\t\t\t\t<div class=\"elementor-widget-container\">\n\t\t\t\t\t<h4 class=\"elementor-heading-title elementor-size-default\">Cornas \u00ab Chaillot \u00bb<\/h4>\t\t\t\t<\/div>\n\t\t\t\t<\/div>\n\t\t\t\t<div class=\"elementor-element elementor-element-a13a043 elementor-widget elementor-widget-text-editor\" data-id=\"a13a043\" data-element_type=\"widget\" data-e-type=\"widget\" data-widget_type=\"text-editor.default\">\n\t\t\t\t<div class=\"elementor-widget-container\">\n\t\t\t\t\t\t\t\t\t<p class=\"Textbody\"><span style=\"font-size: 11.0pt; color: white; letter-spacing: .75pt;\">Cuv\u00e9e parcellaire issu du terroir de Chaillot<\/span><u><\/u><\/p>\n<p class=\"Textbody\"><span style=\"font-size: 11.0pt; color: white; letter-spacing: .75pt;\">200m d&rsquo;altitude, 100% syrah, terroir granitique, parcelle de 55 ans, <\/span><span style=\"font-size: 11.0pt; color: white;\">vendange enti\u00e8re<u><\/u><\/span><\/p>\n<p class=\"Textbody\"><span style=\"font-size: 11.0pt; color: white; letter-spacing: .75pt;\">Cette cuv\u00e9e est produite uniquement certain mill\u00e9sime<\/span><u><\/u><\/p>\t\t\t\t\t\t\t\t<\/div>\n\t\t\t\t<\/div>\n\t\t\t\t<\/div>\n\t\t\t\t\t<\/div>\n\t\t\t\t<\/div>\n\t\t<div class=\"elementor-element elementor-element-73b405e e-flex e-con-boxed e-con e-parent\" data-id=\"73b405e\" data-element_type=\"container\" data-e-type=\"container\" data-settings=\"{&quot;background_background&quot;:&quot;classic&quot;}\">\n\t\t\t\t\t<div class=\"e-con-inner\">\n\t\t<div class=\"elementor-element elementor-element-95386ca e-con-full e-flex e-con e-child\" data-id=\"95386ca\" data-element_type=\"container\" data-e-type=\"container\">\n\t\t\t\t<div class=\"elementor-element elementor-element-5d82c17 elementor-widget elementor-widget-heading\" data-id=\"5d82c17\" data-element_type=\"widget\" data-e-type=\"widget\" data-widget_type=\"heading.default\">\n\t\t\t\t<div class=\"elementor-widget-container\">\n\t\t\t\t\t<h4 class=\"elementor-heading-title elementor-size-default\">Saint Joseph \u00ab Terre Neuve \u00bb<\/h4>\t\t\t\t<\/div>\n\t\t\t\t<\/div>\n\t\t\t\t<div class=\"elementor-element elementor-element-108d3db elementor-widget elementor-widget-text-editor\" data-id=\"108d3db\" data-element_type=\"widget\" data-e-type=\"widget\" data-widget_type=\"text-editor.default\">\n\t\t\t\t<div class=\"elementor-widget-container\">\n\t\t\t\t\t\t\t\t\t<p class=\"Textbody\"><span style=\"font-size: 11.0pt; color: white; letter-spacing: .75pt;\">Cuv\u00e9e issue d&rsquo;une seule parcelle plant\u00e9e \u00e0 Chateaubourg, lieux dit Giraud<\/span><\/p>\n<p class=\"Textbody\"><span style=\"font-size: 11.0pt; color: white; letter-spacing: .75pt;\">300 m d&rsquo;altitude, 100% syrah, terroir argilo-calcaire, <\/span><span style=\"font-size: 11.0pt; color: white;\">vendange enti\u00e8re<\/span><\/p>\n<p class=\"Textbody\"><span style=\"font-size: 11.0pt; color: white;\">les vignes ont \u00e9t\u00e9 plant\u00e9es entre 2008 et 2011 en selection massale<\/span><\/p>\t\t\t\t\t\t\t\t<\/div>\n\t\t\t\t<\/div>\n\t\t\t\t<\/div>\n\t\t<div class=\"elementor-element elementor-element-0e6c4f4 e-con-full e-flex e-con e-child\" data-id=\"0e6c4f4\" data-element_type=\"container\" data-e-type=\"container\">\n\t\t\t\t<div class=\"elementor-element elementor-element-a677da2 elementor-widget elementor-widget-image\" data-id=\"a677da2\" data-element_type=\"widget\" data-e-type=\"widget\" data-widget_type=\"image.default\">\n\t\t\t\t<div class=\"elementor-widget-container\">\n\t\t\t\t\t\t\t\t\t\t\t\t\t\t\t<img decoding=\"async\" src=\"https:\/\/domainelionnet.com\/wp-content\/uploads\/elementor\/thumbs\/ST-JO-Terre-Neuve-r4ia8bilo1lynffoesq9cksti7ecc9fgzqxz7qg71q.jpg\" title=\"ST JO Terre Neuve\" alt=\"ST JO Terre Neuve\" loading=\"lazy\" \/>\t\t\t\t\t\t\t\t\t\t\t\t\t\t\t<\/div>\n\t\t\t\t<\/div>\n\t\t\t\t<\/div>\n\t\t\t\t\t<\/div>\n\t\t\t\t<\/div>\n\t\t<div class=\"elementor-element elementor-element-cbcb740 e-flex e-con-boxed e-con e-parent\" data-id=\"cbcb740\" data-element_type=\"container\" data-e-type=\"container\" data-settings=\"{&quot;background_background&quot;:&quot;classic&quot;}\">\n\t\t\t\t\t<div class=\"e-con-inner\">\n\t\t<div class=\"elementor-element elementor-element-f980258 e-con-full e-flex e-con e-child\" data-id=\"f980258\" data-element_type=\"container\" data-e-type=\"container\">\n\t\t\t\t<div class=\"elementor-element elementor-element-9651114 elementor-widget elementor-widget-image\" data-id=\"9651114\" data-element_type=\"widget\" data-e-type=\"widget\" data-widget_type=\"image.default\">\n\t\t\t\t<div class=\"elementor-widget-container\">\n\t\t\t\t\t\t\t\t\t\t\t\t\t\t\t<img decoding=\"async\" src=\"https:\/\/domainelionnet.com\/wp-content\/uploads\/elementor\/thumbs\/VDF-Rien-Carignan-r4huod3ub32ma4sw5r58yvpdsrckvgfzc82t3kp9rs.jpg\" title=\"VDF Rien Carignan\" alt=\"VDF Rien Carignan\" loading=\"lazy\" \/>\t\t\t\t\t\t\t\t\t\t\t\t\t\t\t<\/div>\n\t\t\t\t<\/div>\n\t\t\t\t<\/div>\n\t\t<div class=\"elementor-element elementor-element-9aed5de e-con-full e-flex e-con e-child\" data-id=\"9aed5de\" data-element_type=\"container\" data-e-type=\"container\">\n\t\t\t\t<div class=\"elementor-element elementor-element-795290e elementor-widget elementor-widget-heading\" data-id=\"795290e\" data-element_type=\"widget\" data-e-type=\"widget\" data-widget_type=\"heading.default\">\n\t\t\t\t<div class=\"elementor-widget-container\">\n\t\t\t\t\t<h4 class=\"elementor-heading-title elementor-size-default\">Vin de france \u201c Rien que du Carignan\"<\/h4>\t\t\t\t<\/div>\n\t\t\t\t<\/div>\n\t\t\t\t<div class=\"elementor-element elementor-element-e11b5a0 elementor-widget elementor-widget-text-editor\" data-id=\"e11b5a0\" data-element_type=\"widget\" data-e-type=\"widget\" data-widget_type=\"text-editor.default\">\n\t\t\t\t<div class=\"elementor-widget-container\">\n\t\t\t\t\t\t\t\t\t<p>Cuv\u00e9e 100% Carignan<\/p><p>parcelle\u00a0 de 95 ans sur terroir de Schistes provenant du sud<\/p><p>Avec les\u00a0 raisins d&rsquo;un ami qui souhaitent conserver ses vignes familiales<\/p>\t\t\t\t\t\t\t\t<\/div>\n\t\t\t\t<\/div>\n\t\t\t\t<\/div>\n\t\t\t\t\t<\/div>\n\t\t\t\t<\/div>\n\t\t<div class=\"elementor-element elementor-element-ebca2f4 e-flex e-con-boxed e-con e-parent\" data-id=\"ebca2f4\" data-element_type=\"container\" data-e-type=\"container\" data-settings=\"{&quot;background_background&quot;:&quot;classic&quot;}\">\n\t\t\t\t\t<div class=\"e-con-inner\">\n\t\t<div class=\"elementor-element elementor-element-d2915c3 e-con-full e-flex e-con e-child\" data-id=\"d2915c3\" data-element_type=\"container\" data-e-type=\"container\">\n\t\t\t\t<div class=\"elementor-element elementor-element-8f6f9f6 elementor-widget elementor-widget-heading\" data-id=\"8f6f9f6\" data-element_type=\"widget\" data-e-type=\"widget\" data-widget_type=\"heading.default\">\n\t\t\t\t<div class=\"elementor-widget-container\">\n\t\t\t\t\t<h4 class=\"elementor-heading-title elementor-size-default\">Vin de france \u201c Rien que du Mourvedre\"<\/h4>\t\t\t\t<\/div>\n\t\t\t\t<\/div>\n\t\t\t\t<div class=\"elementor-element elementor-element-00f82ab elementor-widget elementor-widget-text-editor\" data-id=\"00f82ab\" data-element_type=\"widget\" data-e-type=\"widget\" data-widget_type=\"text-editor.default\">\n\t\t\t\t<div class=\"elementor-widget-container\">\n\t\t\t\t\t\t\t\t\t<p>Cuv\u00e9e 100% Mourv\u00e8dre<\/p><p>parcelle\u00a0 de 25 ans sur terroir de Schistes provenant du sud<\/p><p>Avec les\u00a0 raisins d&rsquo;un ami qui souhaitent conserver ses vignes familiales<\/p>\t\t\t\t\t\t\t\t<\/div>\n\t\t\t\t<\/div>\n\t\t\t\t<\/div>\n\t\t<div class=\"elementor-element elementor-element-05c14a8 e-con-full e-flex e-con e-child\" data-id=\"05c14a8\" data-element_type=\"container\" data-e-type=\"container\">\n\t\t\t\t<div class=\"elementor-element elementor-element-68b0b65 elementor-widget elementor-widget-image\" data-id=\"68b0b65\" data-element_type=\"widget\" data-e-type=\"widget\" data-widget_type=\"image.default\">\n\t\t\t\t<div class=\"elementor-widget-container\">\n\t\t\t\t\t\t\t\t\t\t\t\t\t\t\t<img decoding=\"async\" src=\"https:\/\/domainelionnet.com\/wp-content\/uploads\/elementor\/thumbs\/VDF-Rien-mourvedre-r4huolke0le76mglscsw3bkj586vsqdkddy6f2cq7s.jpg\" title=\"VDF Rien mourvedre\" alt=\"VDF Rien mourvedre\" loading=\"lazy\" \/>\t\t\t\t\t\t\t\t\t\t\t\t\t\t\t<\/div>\n\t\t\t\t<\/div>\n\t\t\t\t<\/div>\n\t\t\t\t\t<\/div>\n\t\t\t\t<\/div>\n\t\t\t\t<\/div>\n\t\t","protected":false},"excerpt":{"rendered":"<p>Nos vins rouges Cornas \u00ab Terre Br\u00fbl\u00e9e \u00bb Cuv\u00e9e historique du domaine produite par assemblage des terrois de Pied la vigne, Mazard, Combe et chaillot 100% syrah, terroir granitique et \u00e9boulis calcaire, vendange enti\u00e8re Les vignes ont entre 55 et 95 ans Cornas \u00ab Pur Granit \u00bb Cuv\u00e9e parcellaire produite avec le parcelle \u00ab\u00a0Chata\u00eegnier\u00a0\u00bb sur [&hellip;]<\/p>\n","protected":false},"author":1,"featured_media":0,"parent":0,"menu_order":0,"comment_status":"closed","ping_status":"closed","template":"","meta":{"site-sidebar-layout":"no-sidebar","site-content-layout":"page-builder","ast-site-content-layout":"full-width-container","site-content-style":"unboxed","site-sidebar-style":"unboxed","ast-global-header-display":"","ast-banner-title-visibility":"","ast-main-header-display":"","ast-hfb-above-header-display":"","ast-hfb-below-header-display":"","ast-hfb-mobile-header-display":"","site-post-title":"disabled","ast-breadcrumbs-content":"","ast-featured-img":"disabled","footer-sml-layout":"","ast-disable-related-posts":"","theme-transparent-header-meta":"enabled","adv-header-id-meta":"","stick-header-meta":"","header-above-stick-meta":"","header-main-stick-meta":"","header-below-stick-meta":"","astra-migrate-meta-layouts":"set","ast-page-background-enabled":"default","ast-page-background-meta":{"desktop":{"background-color":"var(--ast-global-color-4)","background-image":"","background-repeat":"repeat","background-position":"center center","background-size":"auto","background-attachment":"scroll","background-type":"","background-media":"","overlay-type":"","overlay-color":"","overlay-opacity":"","overlay-gradient":""},"tablet":{"background-color":"","background-image":"","background-repeat":"repeat","background-position":"center center","background-size":"auto","background-attachment":"scroll","background-type":"","background-media":"","overlay-type":"","overlay-color":"","overlay-opacity":"","overlay-gradient":""},"mobile":{"background-color":"","background-image":"","background-repeat":"repeat","background-position":"center center","background-size":"auto","background-attachment":"scroll","background-type":"","background-media":"","overlay-type":"","overlay-color":"","overlay-opacity":"","overlay-gradient":""}},"ast-content-background-meta":{"desktop":{"background-color":"var(--ast-global-color-5)","background-image":"","background-repeat":"repeat","background-position":"center center","background-size":"auto","background-attachment":"scroll","background-type":"","background-media":"","overlay-type":"","overlay-color":"","overlay-opacity":"","overlay-gradient":""},"tablet":{"background-color":"var(--ast-global-color-5)","background-image":"","background-repeat":"repeat","background-position":"center center","background-size":"auto","background-attachment":"scroll","background-type":"","background-media":"","overlay-type":"","overlay-color":"","overlay-opacity":"","overlay-gradient":""},"mobile":{"background-color":"var(--ast-global-color-5)","background-image":"","background-repeat":"repeat","background-position":"center center","background-size":"auto","background-attachment":"scroll","background-type":"","background-media":"","overlay-type":"","overlay-color":"","overlay-opacity":"","overlay-gradient":""}},"footnotes":""},"class_list":["post-1676","page","type-page","status-publish","hentry"],"_links":{"self":[{"href":"https:\/\/domainelionnet.com\/index.php?rest_route=\/wp\/v2\/pages\/1676","targetHints":{"allow":["GET"]}}],"collection":[{"href":"https:\/\/domainelionnet.com\/index.php?rest_route=\/wp\/v2\/pages"}],"about":[{"href":"https:\/\/domainelionnet.com\/index.php?rest_route=\/wp\/v2\/types\/page"}],"author":[{"embeddable":true,"href":"https:\/\/domainelionnet.com\/index.php?rest_route=\/wp\/v2\/users\/1"}],"replies":[{"embeddable":true,"href":"https:\/\/domainelionnet.com\/index.php?rest_route=%2Fwp%2Fv2%2Fcomments&post=1676"}],"version-history":[{"count":62,"href":"https:\/\/domainelionnet.com\/index.php?rest_route=\/wp\/v2\/pages\/1676\/revisions"}],"predecessor-version":[{"id":2325,"href":"https:\/\/domainelionnet.com\/index.php?rest_route=\/wp\/v2\/pages\/1676\/revisions\/2325"}],"wp:attachment":[{"href":"https:\/\/domainelionnet.com\/index.php?rest_route=%2Fwp%2Fv2%2Fmedia&parent=1676"}],"curies":[{"name":"wp","href":"https:\/\/api.w.org\/{rel}","templated":true}]}}