{"id":1674,"date":"2025-04-17T14:32:56","date_gmt":"2025-04-17T12:32:56","guid":{"rendered":"https:\/\/domainelionnet.com\/?page_id=1674"},"modified":"2025-06-30T15:31:12","modified_gmt":"2025-06-30T13:31:12","slug":"notre-cave","status":"publish","type":"page","link":"https:\/\/domainelionnet.com\/?page_id=1674","title":{"rendered":"Notre cave"},"content":{"rendered":"\t\t<div data-elementor-type=\"wp-page\" data-elementor-id=\"1674\" class=\"elementor elementor-1674\">\n\t\t\t\t<div class=\"elementor-element elementor-element-dcfb448 e-flex e-con-boxed e-con e-parent\" data-id=\"dcfb448\" data-element_type=\"container\" data-e-type=\"container\" data-settings=\"{&quot;background_background&quot;:&quot;classic&quot;}\">\n\t\t\t\t\t<div class=\"e-con-inner\">\n\t\t<div class=\"elementor-element elementor-element-d21b7e0 e-flex e-con-boxed e-con e-child\" data-id=\"d21b7e0\" data-element_type=\"container\" data-e-type=\"container\">\n\t\t\t\t\t<div class=\"e-con-inner\">\n\t\t\t\t<div class=\"elementor-element elementor-element-e9fd9dc elementor-widget elementor-widget-heading\" data-id=\"e9fd9dc\" data-element_type=\"widget\" data-e-type=\"widget\" data-widget_type=\"heading.default\">\n\t\t\t\t<div class=\"elementor-widget-container\">\n\t\t\t\t\t<h1 class=\"elementor-heading-title elementor-size-default\">A la cave<\/h1>\t\t\t\t<\/div>\n\t\t\t\t<\/div>\n\t\t\t\t\t<\/div>\n\t\t\t\t<\/div>\n\t\t\t\t\t<\/div>\n\t\t\t\t<\/div>\n\t\t<div class=\"elementor-element elementor-element-335755e e-flex e-con-boxed e-con e-parent\" data-id=\"335755e\" data-element_type=\"container\" data-e-type=\"container\" data-settings=\"{&quot;background_background&quot;:&quot;classic&quot;}\">\n\t\t\t\t\t<div class=\"e-con-inner\">\n\t\t<div class=\"elementor-element elementor-element-88608ed e-con-full e-flex e-con e-child\" data-id=\"88608ed\" data-element_type=\"container\" data-e-type=\"container\">\n\t\t\t\t<div class=\"elementor-element elementor-element-cae3cc6 elementor-widget elementor-widget-heading\" data-id=\"cae3cc6\" data-element_type=\"widget\" data-e-type=\"widget\" data-widget_type=\"heading.default\">\n\t\t\t\t<div class=\"elementor-widget-container\">\n\t\t\t\t\t<h1 class=\"elementor-heading-title elementor-size-default\">La cave historique<\/h1>\t\t\t\t<\/div>\n\t\t\t\t<\/div>\n\t\t\t\t<div class=\"elementor-element elementor-element-788dd3a elementor-widget elementor-widget-text-editor\" data-id=\"788dd3a\" data-element_type=\"widget\" data-e-type=\"widget\" data-widget_type=\"text-editor.default\">\n\t\t\t\t<div class=\"elementor-widget-container\">\n\t\t\t\t\t\t\t\t\t<p class=\"Standard\" style=\"margin-bottom: 10.0pt; line-height: 115%;\"><span style=\"font-size: 11.0pt; line-height: 115%;\">Apr\u00e8s avoir utilis\u00e9 la cave de Pierre les premi\u00e8res ann\u00e9es, nous r\u00e9novons la cave de Michel<\/span><\/p>\t\t\t\t\t\t\t\t<\/div>\n\t\t\t\t<\/div>\n\t\t\t\t<\/div>\n\t\t\t\t<div class=\"elementor-element elementor-element-dff6065 elementor-widget elementor-widget-image\" data-id=\"dff6065\" data-element_type=\"widget\" data-e-type=\"widget\" data-widget_type=\"image.default\">\n\t\t\t\t<div class=\"elementor-widget-container\">\n\t\t\t\t\t\t\t\t\t\t\t\t\t\t\t<img decoding=\"async\" src=\"https:\/\/domainelionnet.com\/wp-content\/uploads\/elementor\/thumbs\/DSCF0882-r5p7p2mqbegaw6eg33tms95qaw7jq26zv170rb4wbq.jpg\" title=\"DSCF0882\" alt=\"DSCF0882\" loading=\"lazy\" \/>\t\t\t\t\t\t\t\t\t\t\t\t\t\t\t<\/div>\n\t\t\t\t<\/div>\n\t\t\t\t\t<\/div>\n\t\t\t\t<\/div>\n\t\t<div class=\"elementor-element elementor-element-500861b e-flex e-con-boxed e-con e-parent\" data-id=\"500861b\" data-element_type=\"container\" data-e-type=\"container\" data-settings=\"{&quot;background_background&quot;:&quot;classic&quot;}\">\n\t\t\t\t\t<div class=\"e-con-inner\">\n\t\t<div class=\"elementor-element elementor-element-8c3d36e e-con-full e-flex e-con e-child\" data-id=\"8c3d36e\" data-element_type=\"container\" data-e-type=\"container\">\n\t\t\t\t<div class=\"elementor-element elementor-element-e9a8c1e elementor-widget elementor-widget-image\" data-id=\"e9a8c1e\" data-element_type=\"widget\" data-e-type=\"widget\" data-widget_type=\"image.default\">\n\t\t\t\t<div class=\"elementor-widget-container\">\n\t\t\t\t\t\t\t\t\t\t\t\t\t\t\t<img decoding=\"async\" src=\"https:\/\/domainelionnet.com\/wp-content\/uploads\/elementor\/thumbs\/Nouvelle-cave-min-scaled-r5p7m78hfmirf2kmuv4o5z90yid67csistflyve7c6.jpg\" title=\"Nouvelle cave-min\" alt=\"Nouvelle cave-min\" loading=\"lazy\" \/>\t\t\t\t\t\t\t\t\t\t\t\t\t\t\t<\/div>\n\t\t\t\t<\/div>\n\t\t\t\t<\/div>\n\t\t<div class=\"elementor-element elementor-element-bda37a0 e-con-full e-flex e-con e-child\" data-id=\"bda37a0\" data-element_type=\"container\" data-e-type=\"container\">\n\t\t\t\t<div class=\"elementor-element elementor-element-8606153 elementor-widget elementor-widget-heading\" data-id=\"8606153\" data-element_type=\"widget\" data-e-type=\"widget\" data-widget_type=\"heading.default\">\n\t\t\t\t<div class=\"elementor-widget-container\">\n\t\t\t\t\t<h1 class=\"elementor-heading-title elementor-size-default\">Notre nouvelle cave<\/h1>\t\t\t\t<\/div>\n\t\t\t\t<\/div>\n\t\t\t\t<div class=\"elementor-element elementor-element-6f6124d elementor-widget elementor-widget-text-editor\" data-id=\"6f6124d\" data-element_type=\"widget\" data-e-type=\"widget\" data-widget_type=\"text-editor.default\">\n\t\t\t\t<div class=\"elementor-widget-container\">\n\t\t\t\t\t\t\t\t\t<p class=\"Standard\" style=\"margin-bottom: 10.0pt; line-height: 115%;\"><span style=\"font-size: 11.0pt; line-height: 115%;\">Dans le but de r\u00e9aliser des \u00e9levages tr\u00e8s qualitatifs, cette seconde <strong>cave de 120 m\u00b2<\/strong> est climatis\u00e9e et humidifi\u00e9e.<\/span><\/p><p class=\"Standard\" style=\"margin-bottom: 10.0pt; line-height: 115%;\"><span style=\"font-size: 11.0pt; line-height: 115%;\">Nous n&rsquo;utilisons pas de f\u00fbts neufs afin de ne pas boiser nos vins.<\/span><\/p><p class=\"Standard\" style=\"margin-bottom: 10.0pt; line-height: 115%;\"><span style=\"font-size: 11.0pt; line-height: 115%;\">Le but de l&rsquo;\u00e9levage en tonneaux est d&rsquo;oxyg\u00e9ner lentement les vins, d&rsquo;enrober et affiner les tanins.<\/span><\/p><p class=\"Standard\" style=\"margin-bottom: 10.0pt; line-height: 115%;\"><span style=\"font-size: 11.0pt; line-height: 115%;\">Les diff\u00e9rents soutirages et autres travaux en caves sont effectu\u00e9s en fonction du calendrier lunaire.<\/span><\/p><p class=\"Standard\" style=\"margin-bottom: 10.0pt; line-height: 115%;\"><span style=\"font-size: 11.0pt; line-height: 115%;\">Nous proc\u00e9dons \u00e0 <b>une seule mise en bouteilles par mill\u00e9sime<\/b>.<\/span><\/p><p class=\"Standard\" style=\"margin-bottom: 10.0pt; line-height: 115%;\"><span style=\"font-size: 11.0pt; line-height: 115%;\">Nous ne proc\u00e9dons \u00e0 aucun collage et aucune filtration.<\/span><\/p><p class=\"Standard\" style=\"margin-bottom: 10.0pt; line-height: 115%;\"><span style=\"font-size: 11.0pt; line-height: 115%;\">Nos bouchons sont <strong>100% li\u00e8ge naturel<\/strong> et subissent des analyses contre les risques de \u00ab\u00a0go\u00fbt de bouchon\u00a0\u00bb. Nous stockons et empilons nos bouteilles \u00e0 la cave.<\/span><\/p>\t\t\t\t\t\t\t\t<\/div>\n\t\t\t\t<\/div>\n\t\t\t\t<\/div>\n\t\t\t\t\t<\/div>\n\t\t\t\t<\/div>\n\t\t<div class=\"elementor-element elementor-element-8c548e8 e-flex e-con-boxed e-con e-parent\" data-id=\"8c548e8\" data-element_type=\"container\" data-e-type=\"container\" data-settings=\"{&quot;background_background&quot;:&quot;classic&quot;}\">\n\t\t\t\t\t<div class=\"e-con-inner\">\n\t\t<div class=\"elementor-element elementor-element-9b3ff56 e-con-full e-flex e-con e-child\" data-id=\"9b3ff56\" data-element_type=\"container\" data-e-type=\"container\">\n\t\t\t\t<div class=\"elementor-element elementor-element-7db051a elementor-widget elementor-widget-heading\" data-id=\"7db051a\" data-element_type=\"widget\" data-e-type=\"widget\" data-widget_type=\"heading.default\">\n\t\t\t\t<div class=\"elementor-widget-container\">\n\t\t\t\t\t<h1 class=\"elementor-heading-title elementor-size-default\">La Vinification<\/h1>\t\t\t\t<\/div>\n\t\t\t\t<\/div>\n\t\t\t\t<div class=\"elementor-element elementor-element-c742d24 elementor-widget elementor-widget-text-editor\" data-id=\"c742d24\" data-element_type=\"widget\" data-e-type=\"widget\" data-widget_type=\"text-editor.default\">\n\t\t\t\t<div class=\"elementor-widget-container\">\n\t\t\t\t\t\t\t\t\t<p>Nos vinifications sont compl\u00e8tement traditionnelles et naturelles pour mettre en valeur tout le terroir et la typicit\u00e9 des terroirs. Suivant notre conviction d&rsquo;une agriculture biologique, nous n&rsquo;utilisons aucun additif \u0153nologique au cours de nos vinifications.<\/p><p><em>\u00ab\u00a0La nature accomplit son devoir et le terroir s&rsquo;exprime. Nous n&rsquo;\u00e9grappons pas notre vendange.\u00a0\u00bb<\/em><\/p><p>Le bon \u00e9tat sanitaire de la vendange permet une prise de risque en vinification en d\u00e9marrant les fermentations uniquement avec les levures indig\u00e8nes afin d&rsquo;avoir une r\u00e9elle expression du terroir.<\/p><p>Toutes les \u00e9tapes sont r\u00e9alis\u00e9es en fonction du calendrier lunaire si possible<\/p>\t\t\t\t\t\t\t\t<\/div>\n\t\t\t\t<\/div>\n\t\t\t\t<\/div>\n\t\t\t\t\t<\/div>\n\t\t\t\t<\/div>\n\t\t<div class=\"elementor-element elementor-element-b481658 e-flex e-con-boxed e-con e-parent\" data-id=\"b481658\" data-element_type=\"container\" data-e-type=\"container\" data-settings=\"{&quot;background_background&quot;:&quot;classic&quot;}\">\n\t\t\t\t\t<div class=\"e-con-inner\">\n\t\t<div class=\"elementor-element elementor-element-f2e2ddb e-con-full e-flex e-con e-child\" data-id=\"f2e2ddb\" data-element_type=\"container\" data-e-type=\"container\">\n\t\t\t\t<div class=\"elementor-element elementor-element-5ab8284 elementor-widget elementor-widget-heading\" data-id=\"5ab8284\" data-element_type=\"widget\" data-e-type=\"widget\" data-widget_type=\"heading.default\">\n\t\t\t\t<div class=\"elementor-widget-container\">\n\t\t\t\t\t<h1 class=\"elementor-heading-title elementor-size-default\">Les Rouges<\/h1>\t\t\t\t<\/div>\n\t\t\t\t<\/div>\n\t\t\t\t<div class=\"elementor-element elementor-element-927f195 elementor-widget elementor-widget-text-editor\" data-id=\"927f195\" data-element_type=\"widget\" data-e-type=\"widget\" data-widget_type=\"text-editor.default\">\n\t\t\t\t<div class=\"elementor-widget-container\">\n\t\t\t\t\t\t\t\t\t<p class=\"Standard\" style=\"margin-bottom: 10.0pt; line-height: 115%;\"><span style=\"font-size: 11.0pt; line-height: 115%;\">Nos mac\u00e9rations sont longues (trois semaines) pendant lesquelles nous foulons plusieurs fois par jour.<\/span><\/p><p class=\"Standard\" style=\"margin-bottom: 10.0pt; line-height: 115%;\"><span style=\"font-size: 11.0pt; line-height: 115%;\">Cette pratique nous garantit un vin structur\u00e9, aromatique et tanique.<\/span><\/p><p class=\"Standard\" style=\"margin-bottom: 10.0pt; line-height: 115%;\"><span style=\"font-size: 11.0pt; line-height: 115%;\">Les pulpes et graines r\u00e9siduelles passent alors dans le<strong> pressoir vertical bois datant du XIXe si\u00e8cle<\/strong>.<\/span><\/p><p class=\"Standard\" style=\"margin-bottom: 10.0pt; line-height: 115%;\"><span style=\"font-size: 11.0pt; line-height: 115%;\">Nous n&rsquo;exag\u00e9rons pas la presse pour ne pas faire ressortir des tanins durs ou verts.<\/span><\/p><p class=\"Standard\" style=\"margin-bottom: 10.0pt; line-height: 115%;\"><span style=\"font-size: 11.0pt; line-height: 115%;\">Les vins provisoirement stock\u00e9s en cuves inox vont r\u00e9aliser leur fermentation malolactique. Avant de descendre \u00e0 la cave pour un \u00e9levage en demi-muids, de 600 litres, pour <strong>18 mois pour les cornas et 14 mois pour le Saint joseph.<\/strong><\/span><\/p>\t\t\t\t\t\t\t\t<\/div>\n\t\t\t\t<\/div>\n\t\t\t\t<\/div>\n\t\t<div class=\"elementor-element elementor-element-cbba7f1 e-con-full e-flex e-con e-child\" data-id=\"cbba7f1\" data-element_type=\"container\" data-e-type=\"container\">\n\t\t\t\t<div class=\"elementor-element elementor-element-6b76495 elementor-widget elementor-widget-heading\" data-id=\"6b76495\" data-element_type=\"widget\" data-e-type=\"widget\" data-widget_type=\"heading.default\">\n\t\t\t\t<div class=\"elementor-widget-container\">\n\t\t\t\t\t<h1 class=\"elementor-heading-title elementor-size-default\">Les Blancs<\/h1>\t\t\t\t<\/div>\n\t\t\t\t<\/div>\n\t\t\t\t<div class=\"elementor-element elementor-element-1b1937c elementor-widget elementor-widget-text-editor\" data-id=\"1b1937c\" data-element_type=\"widget\" data-e-type=\"widget\" data-widget_type=\"text-editor.default\">\n\t\t\t\t<div class=\"elementor-widget-container\">\n\t\t\t\t\t\t\t\t\t<p class=\"Standard\" style=\"margin-bottom: 10.0pt; line-height: 115%;\"><span style=\"font-size: 11.0pt; line-height: 115%;\">Apr\u00e8s le pressurage direct des raisins sans \u00e9grappages, les mo\u00fbts sont d\u00e9bourb\u00e9s apr\u00e8s 36\/48 heures afin de retir\u00e9s les grosses lie et bourbes.<\/span><\/p><p class=\"Standard\" style=\"margin-bottom: 10.0pt; line-height: 115%;\"><span style=\"font-size: 11.0pt; line-height: 115%;\">Les jus font leur fermentation alcoolique en cuve.<\/span><\/p><p class=\"Standard\" style=\"margin-bottom: 10.0pt; line-height: 115%;\"><span style=\"font-size: 11.0pt; line-height: 115%;\">Apr\u00e8s cette premi\u00e8re fermentation, les jus sont devenus \u201cvin\u201d, et sont mis en <strong>Amphores et barriques<\/strong> pour faire leur deuxi\u00e8me fermentation dite \u201cmalolactique\u201d. Les vins sont alors stables.<\/span><\/p><p class=\"Standard\" style=\"margin-bottom: 10.0pt; line-height: 115%;\"><span style=\"font-size: 11.0pt; line-height: 115%;\">L&rsquo;\u00e9levage des blancs va durer <strong>13\/14 mois<\/strong> et les vins seront embouteill\u00e9s en Novembre de l&rsquo;ann\u00e9e suivante<\/span><\/p>\t\t\t\t\t\t\t\t<\/div>\n\t\t\t\t<\/div>\n\t\t\t\t<\/div>\n\t\t\t\t\t<\/div>\n\t\t\t\t<\/div>\n\t\t\t\t<\/div>\n\t\t","protected":false},"excerpt":{"rendered":"<p>A la cave La cave historique Apr\u00e8s avoir utilis\u00e9 la cave de Pierre les premi\u00e8res ann\u00e9es, nous r\u00e9novons la cave de Michel Notre nouvelle cave Dans le but de r\u00e9aliser des \u00e9levages tr\u00e8s qualitatifs, cette seconde cave de 120 m\u00b2 est climatis\u00e9e et humidifi\u00e9e. Nous n&rsquo;utilisons pas de f\u00fbts neufs afin de ne pas boiser [&hellip;]<\/p>\n","protected":false},"author":1,"featured_media":0,"parent":0,"menu_order":0,"comment_status":"closed","ping_status":"closed","template":"","meta":{"site-sidebar-layout":"no-sidebar","site-content-layout":"page-builder","ast-site-content-layout":"full-width-container","site-content-style":"unboxed","site-sidebar-style":"unboxed","ast-global-header-display":"","ast-banner-title-visibility":"","ast-main-header-display":"","ast-hfb-above-header-display":"","ast-hfb-below-header-display":"","ast-hfb-mobile-header-display":"","site-post-title":"disabled","ast-breadcrumbs-content":"","ast-featured-img":"disabled","footer-sml-layout":"","ast-disable-related-posts":"","theme-transparent-header-meta":"enabled","adv-header-id-meta":"","stick-header-meta":"","header-above-stick-meta":"","header-main-stick-meta":"","header-below-stick-meta":"","astra-migrate-meta-layouts":"set","ast-page-background-enabled":"default","ast-page-background-meta":{"desktop":{"background-color":"var(--ast-global-color-4)","background-image":"","background-repeat":"repeat","background-position":"center center","background-size":"auto","background-attachment":"scroll","background-type":"","background-media":"","overlay-type":"","overlay-color":"","overlay-opacity":"","overlay-gradient":""},"tablet":{"background-color":"","background-image":"","background-repeat":"repeat","background-position":"center center","background-size":"auto","background-attachment":"scroll","background-type":"","background-media":"","overlay-type":"","overlay-color":"","overlay-opacity":"","overlay-gradient":""},"mobile":{"background-color":"","background-image":"","background-repeat":"repeat","background-position":"center center","background-size":"auto","background-attachment":"scroll","background-type":"","background-media":"","overlay-type":"","overlay-color":"","overlay-opacity":"","overlay-gradient":""}},"ast-content-background-meta":{"desktop":{"background-color":"var(--ast-global-color-5)","background-image":"","background-repeat":"repeat","background-position":"center center","background-size":"auto","background-attachment":"scroll","background-type":"","background-media":"","overlay-type":"","overlay-color":"","overlay-opacity":"","overlay-gradient":""},"tablet":{"background-color":"var(--ast-global-color-5)","background-image":"","background-repeat":"repeat","background-position":"center center","background-size":"auto","background-attachment":"scroll","background-type":"","background-media":"","overlay-type":"","overlay-color":"","overlay-opacity":"","overlay-gradient":""},"mobile":{"background-color":"var(--ast-global-color-5)","background-image":"","background-repeat":"repeat","background-position":"center center","background-size":"auto","background-attachment":"scroll","background-type":"","background-media":"","overlay-type":"","overlay-color":"","overlay-opacity":"","overlay-gradient":""}},"footnotes":""},"class_list":["post-1674","page","type-page","status-publish","hentry"],"_links":{"self":[{"href":"https:\/\/domainelionnet.com\/index.php?rest_route=\/wp\/v2\/pages\/1674","targetHints":{"allow":["GET"]}}],"collection":[{"href":"https:\/\/domainelionnet.com\/index.php?rest_route=\/wp\/v2\/pages"}],"about":[{"href":"https:\/\/domainelionnet.com\/index.php?rest_route=\/wp\/v2\/types\/page"}],"author":[{"embeddable":true,"href":"https:\/\/domainelionnet.com\/index.php?rest_route=\/wp\/v2\/users\/1"}],"replies":[{"embeddable":true,"href":"https:\/\/domainelionnet.com\/index.php?rest_route=%2Fwp%2Fv2%2Fcomments&post=1674"}],"version-history":[{"count":46,"href":"https:\/\/domainelionnet.com\/index.php?rest_route=\/wp\/v2\/pages\/1674\/revisions"}],"predecessor-version":[{"id":2470,"href":"https:\/\/domainelionnet.com\/index.php?rest_route=\/wp\/v2\/pages\/1674\/revisions\/2470"}],"wp:attachment":[{"href":"https:\/\/domainelionnet.com\/index.php?rest_route=%2Fwp%2Fv2%2Fmedia&parent=1674"}],"curies":[{"name":"wp","href":"https:\/\/api.w.org\/{rel}","templated":true}]}}