{"id":1319,"date":"2025-04-17T14:08:05","date_gmt":"2025-04-17T12:08:05","guid":{"rendered":"https:\/\/domainelionnet.com\/index.php\/about\/"},"modified":"2025-06-30T15:37:15","modified_gmt":"2025-06-30T13:37:15","slug":"le-domaine","status":"publish","type":"page","link":"https:\/\/domainelionnet.com\/?page_id=1319","title":{"rendered":"Le domaine"},"content":{"rendered":"\t\t<div data-elementor-type=\"wp-page\" data-elementor-id=\"1319\" class=\"elementor elementor-1319\">\n\t\t\t\t<div class=\"elementor-element elementor-element-dcfb448 e-flex e-con-boxed e-con e-parent\" data-id=\"dcfb448\" data-element_type=\"container\" data-e-type=\"container\" data-settings=\"{&quot;background_background&quot;:&quot;classic&quot;}\">\n\t\t\t\t\t<div class=\"e-con-inner\">\n\t\t<div class=\"elementor-element elementor-element-d21b7e0 e-flex e-con-boxed e-con e-child\" data-id=\"d21b7e0\" data-element_type=\"container\" data-e-type=\"container\">\n\t\t\t\t\t<div class=\"e-con-inner\">\n\t\t\t\t\t<\/div>\n\t\t\t\t<\/div>\n\t\t\t\t\t<\/div>\n\t\t\t\t<\/div>\n\t\t<div class=\"elementor-element elementor-element-500861b e-flex e-con-boxed e-con e-parent\" data-id=\"500861b\" data-element_type=\"container\" data-e-type=\"container\" data-settings=\"{&quot;background_background&quot;:&quot;classic&quot;}\">\n\t\t\t\t\t<div class=\"e-con-inner\">\n\t\t<div class=\"elementor-element elementor-element-7dbc6fb e-con-full e-flex e-con e-child\" data-id=\"7dbc6fb\" data-element_type=\"container\" data-e-type=\"container\">\n\t\t\t\t<div class=\"elementor-element elementor-element-2cdec80 elementor-widget elementor-widget-heading\" data-id=\"2cdec80\" data-element_type=\"widget\" data-e-type=\"widget\" data-widget_type=\"heading.default\">\n\t\t\t\t<div class=\"elementor-widget-container\">\n\t\t\t\t\t<h1 class=\"elementor-heading-title elementor-size-default\">L'histoire du domaine<\/h1>\t\t\t\t<\/div>\n\t\t\t\t<\/div>\n\t\t<div class=\"elementor-element elementor-element-51b695b e-flex e-con-boxed e-con e-child\" data-id=\"51b695b\" data-element_type=\"container\" data-e-type=\"container\">\n\t\t\t\t\t<div class=\"e-con-inner\">\n\t\t<div class=\"elementor-element elementor-element-bda37a0 e-flex e-con-boxed e-con e-child\" data-id=\"bda37a0\" data-element_type=\"container\" data-e-type=\"container\">\n\t\t\t\t\t<div class=\"e-con-inner\">\n\t\t\t\t<div class=\"elementor-element elementor-element-7423dd0 elementor-widget elementor-widget-text-editor\" data-id=\"7423dd0\" data-element_type=\"widget\" data-e-type=\"widget\" data-widget_type=\"text-editor.default\">\n\t\t\t\t<div class=\"elementor-widget-container\">\n\t\t\t\t\t\t\t\t\t<p>Depuis\u00a0<strong>2003<\/strong>, apr\u00e8s Michel mon grand p\u00e8re, puis Pierre mon p\u00e8re, c\u2019est \u00e0 mon tour, Corinne de reprendre le domaine familial avec mon mari Ludovic.<br \/>Nous nous sommes tout de suite inscrits dans une d\u00e9marche naturelle et respectueuse de l\u2019environnement.<br \/><strong>Depuis 2009, notre domaine est certifi\u00e9 en Agriculture Biologique par \u00e9cocert.<\/strong><\/p><p>Depuis le mill\u00e9simme 2022,\u00a0<strong>Lucas<\/strong>, notre fils nous rejoint \u00e0 temps plein sur le domaine apr\u00e8s avoir obtenu son BTS viti-Oeno \u00e0 orange en alternance pendant deux ann\u00e9es au Domaine Jean louis Chave \u00e0 Mauve.<\/p>\t\t\t\t\t\t\t\t<\/div>\n\t\t\t\t<\/div>\n\t\t\t\t\t<\/div>\n\t\t\t\t<\/div>\n\t\t<div class=\"elementor-element elementor-element-8c3d36e e-flex e-con-boxed e-con e-child\" data-id=\"8c3d36e\" data-element_type=\"container\" data-e-type=\"container\">\n\t\t\t\t\t<div class=\"e-con-inner\">\n\t\t\t\t<div class=\"elementor-element elementor-element-e9a8c1e elementor-widget elementor-widget-image\" data-id=\"e9a8c1e\" data-element_type=\"widget\" data-e-type=\"widget\" data-widget_type=\"image.default\">\n\t\t\t\t<div class=\"elementor-widget-container\">\n\t\t\t\t\t\t\t\t\t\t\t\t\t\t\t<img decoding=\"async\" src=\"https:\/\/domainelionnet.com\/wp-content\/uploads\/elementor\/thumbs\/Cave-Papounet_page-0001-r5p63w48zxq2wz3g52e39mmyo1kk8nnwkmoc07tnay.jpg\" title=\"Cave Papounet_page-0001\" alt=\"Cave Papounet_page-0001\" loading=\"lazy\" \/>\t\t\t\t\t\t\t\t\t\t\t\t\t\t\t<\/div>\n\t\t\t\t<\/div>\n\t\t\t\t\t<\/div>\n\t\t\t\t<\/div>\n\t\t\t\t\t<\/div>\n\t\t\t\t<\/div>\n\t\t<div class=\"elementor-element elementor-element-8cbdb23 e-con-full e-flex e-con e-child\" data-id=\"8cbdb23\" data-element_type=\"container\" data-e-type=\"container\">\n\t\t<div class=\"elementor-element elementor-element-0123876 e-flex e-con-boxed e-con e-child\" data-id=\"0123876\" data-element_type=\"container\" data-e-type=\"container\">\n\t\t\t\t\t<div class=\"e-con-inner\">\n\t\t\t\t<div class=\"elementor-element elementor-element-4263f21 elementor-widget elementor-widget-image\" data-id=\"4263f21\" data-element_type=\"widget\" data-e-type=\"widget\" data-widget_type=\"image.default\">\n\t\t\t\t<div class=\"elementor-widget-container\">\n\t\t\t\t\t\t\t\t\t\t\t\t\t\t\t<img decoding=\"async\" src=\"https:\/\/domainelionnet.com\/wp-content\/uploads\/elementor\/thumbs\/Papounet-pressoir-r5p6cgf8tvwee90pz3aatitg7fu3ln6siegx637xwm.jpg\" title=\"Papounet pressoir\" alt=\"Papounet pressoir\" loading=\"lazy\" \/>\t\t\t\t\t\t\t\t\t\t\t\t\t\t\t<\/div>\n\t\t\t\t<\/div>\n\t\t\t\t\t<\/div>\n\t\t\t\t<\/div>\n\t\t<div class=\"elementor-element elementor-element-889dd69 e-flex e-con-boxed e-con e-child\" data-id=\"889dd69\" data-element_type=\"container\" data-e-type=\"container\">\n\t\t\t\t\t<div class=\"e-con-inner\">\n\t\t\t\t<div class=\"elementor-element elementor-element-c61a629 elementor-widget elementor-widget-text-editor\" data-id=\"c61a629\" data-element_type=\"widget\" data-e-type=\"widget\" data-widget_type=\"text-editor.default\">\n\t\t\t\t<div class=\"elementor-widget-container\">\n\t\t\t\t\t\t\t\t\t<p>Nos vignes sont situ\u00e9es sur les villages de\u00a0<strong>CORNAS<\/strong>\u00a0et\u00a0<strong>CHATEAUBOURG<\/strong>\u00a0dans la Vall\u00e9e du Rh\u00f4ne pour produire des vins en\u00a0<strong>AOC CORNAS<\/strong>,\u00a0<strong>AOC Saint JOSEPH<\/strong>\u00a0et\u00a0<strong>Vin de France<\/strong><br \/><strong>Cornas\u00a0<\/strong>un village, un c\u00e9page, une appellation le plus m\u00e9ridional des vins septentrionaux !<\/p><p><br \/>\u00ab\u00a0<em>On peut faire du vin partout dans le monde MAIS du CORNAS, on en fait qu\u2019\u00e0 CORNAS !!!<\/em>\u00ab\u00a0<\/p><p><br \/>St JOSEPH 70 km de vignes le long de la rive droite du Rh\u00f4ne, rejoignant C\u00f4te-Rotie au nord et Cornas au sud, Chateaubourg \u00e9tant le dernier village au sud de l\u2019appellation<\/p>\t\t\t\t\t\t\t\t<\/div>\n\t\t\t\t<\/div>\n\t\t\t\t\t<\/div>\n\t\t\t\t<\/div>\n\t\t\t\t<\/div>\n\t\t\t\t<\/div>\n\t\t\t\t\t<\/div>\n\t\t\t\t<\/div>\n\t\t\t\t<\/div>\n\t\t","protected":false},"excerpt":{"rendered":"<p>L&rsquo;histoire du domaine Depuis\u00a02003, apr\u00e8s Michel mon grand p\u00e8re, puis Pierre mon p\u00e8re, c\u2019est \u00e0 mon tour, Corinne de reprendre le domaine familial avec mon mari Ludovic.Nous nous sommes tout de suite inscrits dans une d\u00e9marche naturelle et respectueuse de l\u2019environnement.Depuis 2009, notre domaine est certifi\u00e9 en Agriculture Biologique par \u00e9cocert. Depuis le mill\u00e9simme 2022,\u00a0Lucas, [&hellip;]<\/p>\n","protected":false},"author":1,"featured_media":0,"parent":0,"menu_order":0,"comment_status":"closed","ping_status":"closed","template":"","meta":{"site-sidebar-layout":"no-sidebar","site-content-layout":"page-builder","ast-site-content-layout":"default","site-content-style":"default","site-sidebar-style":"default","ast-global-header-display":"","ast-banner-title-visibility":"","ast-main-header-display":"","ast-hfb-above-header-display":"","ast-hfb-below-header-display":"","ast-hfb-mobile-header-display":"","site-post-title":"disabled","ast-breadcrumbs-content":"","ast-featured-img":"disabled","footer-sml-layout":"","ast-disable-related-posts":"","theme-transparent-header-meta":"enabled","adv-header-id-meta":"","stick-header-meta":"","header-above-stick-meta":"","header-main-stick-meta":"","header-below-stick-meta":"","astra-migrate-meta-layouts":"default","ast-page-background-enabled":"default","ast-page-background-meta":{"desktop":{"background-color":"var(--ast-global-color-4)","background-image":"","background-repeat":"repeat","background-position":"center center","background-size":"auto","background-attachment":"scroll","background-type":"","background-media":"","overlay-type":"","overlay-color":"","overlay-opacity":"","overlay-gradient":""},"tablet":{"background-color":"","background-image":"","background-repeat":"repeat","background-position":"center center","background-size":"auto","background-attachment":"scroll","background-type":"","background-media":"","overlay-type":"","overlay-color":"","overlay-opacity":"","overlay-gradient":""},"mobile":{"background-color":"","background-image":"","background-repeat":"repeat","background-position":"center center","background-size":"auto","background-attachment":"scroll","background-type":"","background-media":"","overlay-type":"","overlay-color":"","overlay-opacity":"","overlay-gradient":""}},"ast-content-background-meta":{"desktop":{"background-color":"var(--ast-global-color-5)","background-image":"","background-repeat":"repeat","background-position":"center center","background-size":"auto","background-attachment":"scroll","background-type":"","background-media":"","overlay-type":"","overlay-color":"","overlay-opacity":"","overlay-gradient":""},"tablet":{"background-color":"var(--ast-global-color-5)","background-image":"","background-repeat":"repeat","background-position":"center center","background-size":"auto","background-attachment":"scroll","background-type":"","background-media":"","overlay-type":"","overlay-color":"","overlay-opacity":"","overlay-gradient":""},"mobile":{"background-color":"var(--ast-global-color-5)","background-image":"","background-repeat":"repeat","background-position":"center center","background-size":"auto","background-attachment":"scroll","background-type":"","background-media":"","overlay-type":"","overlay-color":"","overlay-opacity":"","overlay-gradient":""}},"footnotes":""},"class_list":["post-1319","page","type-page","status-publish","hentry"],"_links":{"self":[{"href":"https:\/\/domainelionnet.com\/index.php?rest_route=\/wp\/v2\/pages\/1319","targetHints":{"allow":["GET"]}}],"collection":[{"href":"https:\/\/domainelionnet.com\/index.php?rest_route=\/wp\/v2\/pages"}],"about":[{"href":"https:\/\/domainelionnet.com\/index.php?rest_route=\/wp\/v2\/types\/page"}],"author":[{"embeddable":true,"href":"https:\/\/domainelionnet.com\/index.php?rest_route=\/wp\/v2\/users\/1"}],"replies":[{"embeddable":true,"href":"https:\/\/domainelionnet.com\/index.php?rest_route=%2Fwp%2Fv2%2Fcomments&post=1319"}],"version-history":[{"count":52,"href":"https:\/\/domainelionnet.com\/index.php?rest_route=\/wp\/v2\/pages\/1319\/revisions"}],"predecessor-version":[{"id":2473,"href":"https:\/\/domainelionnet.com\/index.php?rest_route=\/wp\/v2\/pages\/1319\/revisions\/2473"}],"wp:attachment":[{"href":"https:\/\/domainelionnet.com\/index.php?rest_route=%2Fwp%2Fv2%2Fmedia&parent=1319"}],"curies":[{"name":"wp","href":"https:\/\/api.w.org\/{rel}","templated":true}]}}